{"id":46,"date":"2023-12-04T17:03:28","date_gmt":"2023-12-04T16:03:28","guid":{"rendered":"https:\/\/nouveausite.cafedelest.com\/?page_id=46"},"modified":"2024-06-26T11:59:16","modified_gmt":"2024-06-26T09:59:16","slug":"presentation","status":"publish","type":"page","link":"https:\/\/www.cafedelest.com\/?page_id=46","title":{"rendered":"Pr\u00e9sentation"},"content":{"rendered":"<h2 style=\"text-align: left;\">Bienvenue!<\/h2>\n<p style=\"text-align: left;\"><span style=\"color: #000000;\"><strong>Situ\u00e9e en face de la gare de l\u2019Est, \u00e0 Paris, notre brasserie accueille les voyageurs \u2013 et les autres \u2013 tout au long de la journ\u00e9e, <span class=\"Style1\">7 jours sur 7, en service non stop, de 7h \u00e0 23h du lundi au samedi et de 8h \u00e0 23h les dimanches et jours f\u00e9ri\u00e9s.<\/span><\/strong><\/span><\/p>\n<p style=\"text-align: left;\"><span class=\"Style1\">R\u00e9cemment r\u00e9look\u00e9 par le cabinet Lafond, notre \u00e9tablissement vous accueille dans une ambiance chaleureuse, contemporaine et conviviale. Que ce soit juste pour d\u00e9guster un caf\u00e9 en attendant votre train, ou pour d\u00e9guster un plat savoureux, vous serez conquis par l&rsquo;ambiance du lieu et par notre cuisine qui ravira vos papilles!<\/span><\/p>\n<p style=\"text-align: left;\"><span style=\"color: #000000;\"><strong>Nous proposons une cuisine fran\u00e7aise <img loading=\"lazy\" decoding=\"async\" class=\"alignnone wp-image-258\" src=\"https:\/\/nouveausite.cafedelest.com\/wp-content\/uploads\/2023\/12\/icon_fr.gif\" alt=\"\" width=\"15\" height=\"9\" \/> r\u00e9gionale et notamment lorraine et alsacienne.<\/strong><\/span> D\u00e9couvrez, par exemple, nos 3 choucroutes: de Lorraine, de la mer ou au Champagne! Pour le reste, notre carte est compos\u00e9e essentiellement de plats traditionnels: soupe \u00e0 l\u2019oignon, terrine de foie gras (toujours fait maison), salade Caesar, fruits de mer, entrec\u00f4te, cheeseburger de b\u0153uf Aubrac, filet de bar po\u00eal\u00e9, pennes au saumon. Puis, roquefort ou fromages AOP suivis, en dessert, si le c\u0153ur vous en dit, d\u2019une cr\u00e8me br\u00fbl\u00e9e maison, de macarons ou d\u2019un caf\u00e9 gourmand\u2026<\/p>\n<p style=\"text-align: left;\"><span style=\"color: #000000;\"><strong>Notre \u00e9tablissement dispose de 150 places<\/strong><\/span> dont 45 places plus isol\u00e9es, dans <a href=\"https:\/\/www.cafedelest.com\/?page_id=121\">une salle priv\u00e9e<\/a>. De plus notre terrasse de 40 places offre une vue panoramique juste en face de la gare de l&rsquo;Est.<\/p>\n<p style=\"text-align: left;\">Dans l&rsquo;attente de votre venue, toute l&rsquo;\u00e9quipe du Caf\u00e9 de l&rsquo;Est vous souhaite une agr\u00e9able visite sur son site web!<\/p>\n<p><iframe loading=\"lazy\" title=\"YouTube video player\" src=\"https:\/\/www.youtube.com\/embed\/pbDoVU1xYgE?si=AKZDY9Mq0JbJEPMJ\" width=\"98%\" height=\"450\" frameborder=\"0\" allowfullscreen=\"allowfullscreen\"><span data-mce-type=\"bookmark\" style=\"display: inline-block; width: 0px; overflow: hidden; line-height: 0;\" class=\"mce_SELRES_start\">\ufeff<\/span><span data-mce-type=\"bookmark\" style=\"display: inline-block; width: 0px; overflow: hidden; line-height: 0;\" class=\"mce_SELRES_start\">\ufeff<\/span><span data-mce-type=\"bookmark\" style=\"display: inline-block; width: 0px; overflow: hidden; line-height: 0;\" class=\"mce_SELRES_start\">\ufeff<\/span><\/iframe><\/p>\n","protected":false},"excerpt":{"rendered":"<p>Bienvenue! Situ\u00e9e en face de la gare de l\u2019Est, \u00e0 Paris, notre brasserie accueille les voyageurs \u2013 et les autres \u2013 tout au long de la journ\u00e9e, 7 jours sur 7, en service non stop, de 7h \u00e0 23h du lundi au samedi et de 8h \u00e0 23h les dimanches et jours f\u00e9ri\u00e9s. R\u00e9cemment r\u00e9look\u00e9 [&hellip;]<\/p>\n","protected":false},"author":1,"featured_media":0,"parent":0,"menu_order":0,"comment_status":"closed","ping_status":"closed","template":"","meta":{"footnotes":""},"class_list":["post-46","page","type-page","status-publish","hentry"],"_links":{"self":[{"href":"https:\/\/www.cafedelest.com\/index.php?rest_route=\/wp\/v2\/pages\/46","targetHints":{"allow":["GET"]}}],"collection":[{"href":"https:\/\/www.cafedelest.com\/index.php?rest_route=\/wp\/v2\/pages"}],"about":[{"href":"https:\/\/www.cafedelest.com\/index.php?rest_route=\/wp\/v2\/types\/page"}],"author":[{"embeddable":true,"href":"https:\/\/www.cafedelest.com\/index.php?rest_route=\/wp\/v2\/users\/1"}],"replies":[{"embeddable":true,"href":"https:\/\/www.cafedelest.com\/index.php?rest_route=%2Fwp%2Fv2%2Fcomments&post=46"}],"version-history":[{"count":25,"href":"https:\/\/www.cafedelest.com\/index.php?rest_route=\/wp\/v2\/pages\/46\/revisions"}],"predecessor-version":[{"id":503,"href":"https:\/\/www.cafedelest.com\/index.php?rest_route=\/wp\/v2\/pages\/46\/revisions\/503"}],"wp:attachment":[{"href":"https:\/\/www.cafedelest.com\/index.php?rest_route=%2Fwp%2Fv2%2Fmedia&parent=46"}],"curies":[{"name":"wp","href":"https:\/\/api.w.org\/{rel}","templated":true}]}}